{"id":175,"date":"2016-08-19T17:40:38","date_gmt":"2016-08-19T16:40:38","guid":{"rendered":"http:\/\/eryo.synology.me\/wordpress\/?page_id=175"},"modified":"2026-02-09T18:26:42","modified_gmt":"2026-02-09T17:26:42","slug":"informations","status":"publish","type":"page","link":"https:\/\/asso.bambineauvendome.fr\/wordpress\/lassociation\/informations\/","title":{"rendered":"Informations &#038; contacts"},"content":{"rendered":"<p><img decoding=\"async\" loading=\"lazy\" class=\"aligncenter wp-image-529 size-medium\" src=\"http:\/\/asso.bambineauvendome.fr\/wordpress\/wp-content\/uploads\/2018\/08\/ND-LogoWebSansFond-231x300.png\" alt=\"\" width=\"231\" height=\"300\" srcset=\"https:\/\/asso.bambineauvendome.fr\/wordpress\/wp-content\/uploads\/2018\/08\/ND-LogoWebSansFond-231x300.png 231w, https:\/\/asso.bambineauvendome.fr\/wordpress\/wp-content\/uploads\/2018\/08\/ND-LogoWebSansFond.png 591w\" sizes=\"(max-width: 231px) 100vw, 231px\" \/><\/p>\n<p>L&rsquo;association Bambin&rsquo;eau est une association sportive cr\u00e9\u00e9e en 1992 et affili\u00e9e \u00e0 la <a href=\"https:\/\/faael.fr\/\">FAAEL (F\u00e9d\u00e9ration d&rsquo;Activit\u00e9s Aquatiques d&rsquo;Eveil et de Loisirs)<\/a>.<\/p>\n<p>Cette association sportive a pour but la prise de confiance du jeune enfant en milieu aquatique en pr\u00e9sence de ses parents et de favoriser son \u00e9veil dans ce milieu par des activit\u00e9s ludiques. Cette association sportive n\u2019a aucun but d\u2019enseignement de la natation.<\/p>\n<p>Les s\u00e9ances se d\u00e9roulent tous les samedis matin de septembre \u00e0 juillet (hors vacances scolaires) \u00e0 la piscine des Grands Pr\u00e9s, rue Geoffroy Martel, 41100 \u00e0 Vend\u00f4me.<\/p>\n<p><span style=\"text-decoration: underline;\">Nous contacter :<\/span><br \/>\n<strong>Association Bambin&rsquo;eau<\/strong><br \/>\n<i class=\"fa fa-phone \" ><\/i> 06 85 41 48 02 (Ma\u00eblle)<br \/>\n<i class=\"fa fa-envelope \" ><\/i> <a href=\"mailto:associationbambineau@gmail.com\">associationbambineau@gmail.com<\/a><br \/>\n<i class=\"fa fa-facebook \" ><\/i>\u00a0<a href=\"https:\/\/www.facebook.com\/bambineauvendome\">@bambineauvendome<\/a><\/p>\n","protected":false},"excerpt":{"rendered":"<p>L&rsquo;association Bambin&rsquo;eau est une association sportive cr\u00e9\u00e9e en 1992 et affili\u00e9e \u00e0 la FAAEL (F\u00e9d\u00e9ration d&rsquo;Activit\u00e9s Aquatiques d&rsquo;Eveil et de Loisirs). Cette association sportive a pour but la prise de confiance du jeune enfant en milieu aquatique en pr\u00e9sence de ses parents et de favoriser son \u00e9veil dans ce milieu par des activit\u00e9s ludiques. Cette&#8230; <\/p>\n<div class=\"link-more\"><a href=\"https:\/\/asso.bambineauvendome.fr\/wordpress\/lassociation\/informations\/\">En savoir plus<\/a><\/div>\n","protected":false},"author":1,"featured_media":0,"parent":92,"menu_order":1,"comment_status":"closed","ping_status":"closed","template":"","meta":[],"_links":{"self":[{"href":"https:\/\/asso.bambineauvendome.fr\/wordpress\/wp-json\/wp\/v2\/pages\/175"}],"collection":[{"href":"https:\/\/asso.bambineauvendome.fr\/wordpress\/wp-json\/wp\/v2\/pages"}],"about":[{"href":"https:\/\/asso.bambineauvendome.fr\/wordpress\/wp-json\/wp\/v2\/types\/page"}],"author":[{"embeddable":true,"href":"https:\/\/asso.bambineauvendome.fr\/wordpress\/wp-json\/wp\/v2\/users\/1"}],"replies":[{"embeddable":true,"href":"https:\/\/asso.bambineauvendome.fr\/wordpress\/wp-json\/wp\/v2\/comments?post=175"}],"version-history":[{"count":26,"href":"https:\/\/asso.bambineauvendome.fr\/wordpress\/wp-json\/wp\/v2\/pages\/175\/revisions"}],"predecessor-version":[{"id":21204,"href":"https:\/\/asso.bambineauvendome.fr\/wordpress\/wp-json\/wp\/v2\/pages\/175\/revisions\/21204"}],"up":[{"embeddable":true,"href":"https:\/\/asso.bambineauvendome.fr\/wordpress\/wp-json\/wp\/v2\/pages\/92"}],"wp:attachment":[{"href":"https:\/\/asso.bambineauvendome.fr\/wordpress\/wp-json\/wp\/v2\/media?parent=175"}],"curies":[{"name":"wp","href":"https:\/\/api.w.org\/{rel}","templated":true}]}}